{"id":9514,"date":"2023-06-12T10:43:17","date_gmt":"2023-06-12T10:43:17","guid":{"rendered":"https:\/\/mosir.boleslawiec.pl\/?page_id=9514"},"modified":"2026-03-13T07:01:53","modified_gmt":"2026-03-13T07:01:53","slug":"badania-wody-2023","status":"publish","type":"page","link":"https:\/\/mosir.boleslawiec.pl\/?page_id=9514","title":{"rendered":"BADANIA WODY 2026"},"content":{"rendered":"\n<p><strong>Boles\u0142awiecki Park Wodny &#8222;ORKA&#8221; Pl. Ks. J. Popie\u0142uszki 1<\/strong><\/p>\n\n\n\n<ul class=\"wp-block-list\">\n<li><a href=\"https:\/\/mosir.boleslawiec.pl\/wp-content\/uploads\/2025\/10\/komunikat-woda-ORKA.pdf\">KOMUNIKAT<\/a><\/li>\n<\/ul>\n\n\n\n<p><strong>Termy Boles\u0142awiec<\/strong> <strong>ul. Zgorzelecka 52<\/strong><\/p>\n\n\n\n<ul class=\"wp-block-list\">\n<li><a href=\"https:\/\/mosir.boleslawiec.pl\/wp-content\/uploads\/2025\/11\/komunikat-termy.pdf\">KOMUNIKAT<\/a><\/li>\n<\/ul>\n\n\n\n<p><\/p>\n","protected":false},"excerpt":{"rendered":"<p>Boles\u0142awiecki Park Wodny &#8222;ORKA&#8221; Pl. Ks. J. Popie\u0142uszki 1 Termy Boles\u0142awiec ul. Zgorzelecka 52<\/p>\n","protected":false},"author":2,"featured_media":0,"parent":0,"menu_order":0,"comment_status":"closed","ping_status":"closed","template":"","meta":{"_uag_custom_page_level_css":"","ngg_post_thumbnail":0,"footnotes":""},"class_list":["post-9514","page","type-page","status-publish","hentry"],"uagb_featured_image_src":{"full":false,"thumbnail":false,"medium":false,"medium_large":false,"large":false,"1536x1536":false,"2048x2048":false,"post-thumbnail":false,"blogrid-grid":false,"blogrid-slider":false,"blogrid-small":false},"uagb_author_info":{"display_name":"Ela","author_link":"https:\/\/mosir.boleslawiec.pl\/?author=2"},"uagb_comment_info":0,"uagb_excerpt":"Boles\u0142awiecki Park Wodny &#8222;ORKA&#8221; Pl. Ks. J. Popie\u0142uszki 1 Termy Boles\u0142awiec ul. Zgorzelecka 52","_links":{"self":[{"href":"https:\/\/mosir.boleslawiec.pl\/index.php?rest_route=\/wp\/v2\/pages\/9514","targetHints":{"allow":["GET"]}}],"collection":[{"href":"https:\/\/mosir.boleslawiec.pl\/index.php?rest_route=\/wp\/v2\/pages"}],"about":[{"href":"https:\/\/mosir.boleslawiec.pl\/index.php?rest_route=\/wp\/v2\/types\/page"}],"author":[{"embeddable":true,"href":"https:\/\/mosir.boleslawiec.pl\/index.php?rest_route=\/wp\/v2\/users\/2"}],"replies":[{"embeddable":true,"href":"https:\/\/mosir.boleslawiec.pl\/index.php?rest_route=%2Fwp%2Fv2%2Fcomments&post=9514"}],"version-history":[{"count":11,"href":"https:\/\/mosir.boleslawiec.pl\/index.php?rest_route=\/wp\/v2\/pages\/9514\/revisions"}],"predecessor-version":[{"id":12951,"href":"https:\/\/mosir.boleslawiec.pl\/index.php?rest_route=\/wp\/v2\/pages\/9514\/revisions\/12951"}],"wp:attachment":[{"href":"https:\/\/mosir.boleslawiec.pl\/index.php?rest_route=%2Fwp%2Fv2%2Fmedia&parent=9514"}],"curies":[{"name":"wp","href":"https:\/\/api.w.org\/{rel}","templated":true}]}}